{"id":13272,"date":"2026-01-25T06:12:08","date_gmt":"2026-01-25T06:12:08","guid":{"rendered":"https:\/\/buytrades.shop\/?post_type=product&#038;p=13272"},"modified":"2026-01-30T15:32:48","modified_gmt":"2026-01-30T15:32:48","slug":"keplin-dual-zone-air-fryer-energy-saving-cooker-with-6-cooking-functions-extra-large-capacity-for-healthy-meals-roast-bake-dehydrate-crisp-family-size-9-9-5-l","status":"publish","type":"product","link":"https:\/\/buytrades.shop\/es\/producto\/keplin-dual-zone-air-fryer-energy-saving-cooker-with-6-cooking-functions-extra-large-capacity-for-healthy-meals-roast-bake-dehydrate-crisp-family-size-9-9-5-l\/","title":{"rendered":"Keplin Air Fryer Dual Zone - Olla de bajo consumo con 6 funciones de cocci\u00f3n - Capacidad extra grande para comidas saludables - Asar, hornear, deshidratar, crujiente - Tama\u00f1o familiar ( 9 \/ 9.5 L )"},"content":{"rendered":"<p><img loading=\"lazy\" decoding=\"async\" class=\"aligncenter\" src=\"https:\/\/buytrades.shop\/wp-content\/uploads\/2026\/01\/21-1-1024x1024.jpg\" sizes=\"auto, (max-width: 1024px) 100vw, 1024px\" srcset=\"https:\/\/buytrades.shop\/wp-content\/uploads\/2026\/01\/21-1-1024x1024.jpg 1024w, https:\/\/buytrades.shop\/wp-content\/uploads\/2026\/01\/21-1-300x300.jpg 300w, https:\/\/buytrades.shop\/wp-content\/uploads\/2026\/01\/21-1-150x150.jpg 150w, https:\/\/buytrades.shop\/wp-content\/uploads\/2026\/01\/21-1-768x768.jpg 768w, https:\/\/buytrades.shop\/wp-content\/uploads\/2026\/01\/21-1-1536x1536.jpg 1536w, https:\/\/buytrades.shop\/wp-content\/uploads\/2026\/01\/21-1-12x12.jpg 12w, https:\/\/buytrades.shop\/wp-content\/uploads\/2026\/01\/21-1-600x600.jpg 600w, https:\/\/buytrades.shop\/wp-content\/uploads\/2026\/01\/21-1-100x100.jpg 100w, https:\/\/buytrades.shop\/wp-content\/uploads\/2026\/01\/21-1-50x50.jpg 50w, https:\/\/buytrades.shop\/wp-content\/uploads\/2026\/01\/21-1-1x1.jpg 1w, https:\/\/buytrades.shop\/wp-content\/uploads\/2026\/01\/21-1-10x10.jpg 10w, https:\/\/buytrades.shop\/wp-content\/uploads\/2026\/01\/21-1.jpg 2048w\" alt=\"\" width=\"1024\" height=\"1024\" \/><br \/>\n<img loading=\"lazy\" decoding=\"async\" class=\"aligncenter\" src=\"https:\/\/buytrades.shop\/wp-content\/uploads\/2026\/01\/11-1-1024x1024.jpg\" sizes=\"auto, (max-width: 1024px) 100vw, 1024px\" srcset=\"https:\/\/buytrades.shop\/wp-content\/uploads\/2026\/01\/11-1-1024x1024.jpg 1024w, https:\/\/buytrades.shop\/wp-content\/uploads\/2026\/01\/11-1-300x300.jpg 300w, https:\/\/buytrades.shop\/wp-content\/uploads\/2026\/01\/11-1-150x150.jpg 150w, https:\/\/buytrades.shop\/wp-content\/uploads\/2026\/01\/11-1-768x768.jpg 768w, https:\/\/buytrades.shop\/wp-content\/uploads\/2026\/01\/11-1-1536x1536.jpg 1536w, https:\/\/buytrades.shop\/wp-content\/uploads\/2026\/01\/11-1-12x12.jpg 12w, https:\/\/buytrades.shop\/wp-content\/uploads\/2026\/01\/11-1-600x600.jpg 600w, https:\/\/buytrades.shop\/wp-content\/uploads\/2026\/01\/11-1-100x100.jpg 100w, https:\/\/buytrades.shop\/wp-content\/uploads\/2026\/01\/11-1-50x50.jpg 50w, https:\/\/buytrades.shop\/wp-content\/uploads\/2026\/01\/11-1-1x1.jpg 1w, https:\/\/buytrades.shop\/wp-content\/uploads\/2026\/01\/11-1-10x10.jpg 10w, https:\/\/buytrades.shop\/wp-content\/uploads\/2026\/01\/11-1.jpg 2048w\" alt=\"\" width=\"1024\" height=\"1024\" \/><br \/>\n<img loading=\"lazy\" decoding=\"async\" class=\"aligncenter\" src=\"https:\/\/buytrades.shop\/wp-content\/uploads\/2026\/01\/31-1-1024x1024.jpg\" sizes=\"auto, (max-width: 1024px) 100vw, 1024px\" srcset=\"https:\/\/buytrades.shop\/wp-content\/uploads\/2026\/01\/31-1-1024x1024.jpg 1024w, https:\/\/buytrades.shop\/wp-content\/uploads\/2026\/01\/31-1-300x300.jpg 300w, https:\/\/buytrades.shop\/wp-content\/uploads\/2026\/01\/31-1-150x150.jpg 150w, https:\/\/buytrades.shop\/wp-content\/uploads\/2026\/01\/31-1-768x768.jpg 768w, https:\/\/buytrades.shop\/wp-content\/uploads\/2026\/01\/31-1-1536x1536.jpg 1536w, https:\/\/buytrades.shop\/wp-content\/uploads\/2026\/01\/31-1-12x12.jpg 12w, https:\/\/buytrades.shop\/wp-content\/uploads\/2026\/01\/31-1-600x600.jpg 600w, https:\/\/buytrades.shop\/wp-content\/uploads\/2026\/01\/31-1-100x100.jpg 100w, https:\/\/buytrades.shop\/wp-content\/uploads\/2026\/01\/31-1-50x50.jpg 50w, https:\/\/buytrades.shop\/wp-content\/uploads\/2026\/01\/31-1-1x1.jpg 1w, https:\/\/buytrades.shop\/wp-content\/uploads\/2026\/01\/31-1-10x10.jpg 10w, https:\/\/buytrades.shop\/wp-content\/uploads\/2026\/01\/31-1.jpg 2048w\" alt=\"\" width=\"1024\" height=\"1024\" \/><\/p>\n<ul>\n<li>Dwiema niezale\u017cnymi strefami gotowania, mo\u017cliwo\u015b\u0107 przygotowania dw\u00f3ch da\u0144 jednocze\u015bnie z indywidualnymi ustawieniami temperatury i czasu<\/li>\n<li>Ca\u0142kowita pojemno\u015b\u0107 9,5L, idealna do przygotowywania posi\u0142k\u00f3w dla ca\u0142ej rodziny lub przyj\u0119\u0107<\/li>\n<li>Oszcz\u0119dno\u015b\u0107 energii do 55% w por\u00f3wnaniu z tradycyjnymi piekarnikami, obni\u017ca koszty eksploatacji<\/li>\n<li>El 50% est\u00e1 equipado con la tecnolog\u00eda m\u00e1s avanzada del mercado.<\/li>\n<\/ul>","protected":false},"excerpt":{"rendered":"<p>Dwiema niezale\u017cnymi strefami gotowania, mo\u017cliwo\u015b\u0107 przygotowania dw\u00f3ch da\u0144 jednocze\u015bnie z indywidualnymi ustawieniami temperatury i czasu Ca\u0142kowita pojemno\u015b\u0107 9,5L, idealna do&#8230;<\/p>","protected":false},"featured_media":13273,"comment_status":"open","ping_status":"closed","template":"","meta":{"_acf_changed":false},"etheme_brands":[],"product_brand":[],"product_cat":[118],"product_tag":[],"class_list":{"0":"post-13272","1":"product","2":"type-product","3":"status-publish","4":"has-post-thumbnail","6":"product_cat-sale-shop","8":"first","9":"outofstock","10":"sale","11":"shipping-taxable","12":"purchasable","13":"product-type-simple"},"acf":[],"_links":{"self":[{"href":"https:\/\/buytrades.shop\/es\/wp-json\/wp\/v2\/product\/13272","targetHints":{"allow":["GET"]}}],"collection":[{"href":"https:\/\/buytrades.shop\/es\/wp-json\/wp\/v2\/product"}],"about":[{"href":"https:\/\/buytrades.shop\/es\/wp-json\/wp\/v2\/types\/product"}],"replies":[{"embeddable":true,"href":"https:\/\/buytrades.shop\/es\/wp-json\/wp\/v2\/comments?post=13272"}],"version-history":[{"count":3,"href":"https:\/\/buytrades.shop\/es\/wp-json\/wp\/v2\/product\/13272\/revisions"}],"predecessor-version":[{"id":13316,"href":"https:\/\/buytrades.shop\/es\/wp-json\/wp\/v2\/product\/13272\/revisions\/13316"}],"wp:featuredmedia":[{"embeddable":true,"href":"https:\/\/buytrades.shop\/es\/wp-json\/wp\/v2\/media\/13273"}],"wp:attachment":[{"href":"https:\/\/buytrades.shop\/es\/wp-json\/wp\/v2\/media?parent=13272"}],"wp:term":[{"taxonomy":"brand","embeddable":true,"href":"https:\/\/buytrades.shop\/es\/wp-json\/wp\/v2\/etheme_brands?post=13272"},{"taxonomy":"product_brand","embeddable":true,"href":"https:\/\/buytrades.shop\/es\/wp-json\/wp\/v2\/product_brand?post=13272"},{"taxonomy":"product_cat","embeddable":true,"href":"https:\/\/buytrades.shop\/es\/wp-json\/wp\/v2\/product_cat?post=13272"},{"taxonomy":"product_tag","embeddable":true,"href":"https:\/\/buytrades.shop\/es\/wp-json\/wp\/v2\/product_tag?post=13272"}],"curies":[{"name":"wp","href":"https:\/\/api.w.org\/{rel}","templated":true}]}}