{"id":14072,"date":"2026-03-26T07:59:23","date_gmt":"2026-03-26T07:59:23","guid":{"rendered":"https:\/\/buytrades.shop\/?post_type=product&#038;p=14072"},"modified":"2026-04-02T21:53:39","modified_gmt":"2026-04-02T21:53:39","slug":"2026-nuevo-smartphone-s26-ultra-16gb-1tb-memoria-ultra-grande-pantalla-ultra-grande-de-7-3-pulgadas-adecuado-para-regalar","status":"publish","type":"product","link":"https:\/\/buytrades.shop\/es\/producto\/2026-nuevo-smartphone-s26-ultra-16gb-1tb-memoria-ultra-grande-pantalla-ultra-grande-de-7-3-pulgadas-adecuado-para-regalar\/","title":{"rendered":"2026 Nuevo Smartphone S26 Ultra 16GB + 1TB Memoria Ultra Grande Pantalla Ultra Grande de 7.3 Pulgadas Adecuado para Regalar"},"content":{"rendered":"<div data-elementor-type=\"product-post\" data-elementor-id=\"14072\" class=\"elementor elementor-14072\" data-elementor-post-type=\"product\">\n\t\t\t\t<div class=\"elementor-element elementor-element-43e6ad42 e-flex e-con-boxed e-con e-parent\" data-id=\"43e6ad42\" data-element_type=\"container\" data-settings=\"{&quot;ekit_has_onepagescroll_dot&quot;:&quot;yes&quot;}\">\n\t\t\t\t\t<div class=\"e-con-inner\">\n\t\t\t\t<div class=\"elementor-element elementor-element-6d6cc31 elementor-widget elementor-widget-text-editor\" data-id=\"6d6cc31\" data-element_type=\"widget\" data-settings=\"{&quot;ekit_we_effect_on&quot;:&quot;none&quot;}\" data-widget_type=\"text-editor.default\">\n\t\t\t\t<div class=\"elementor-widget-container\">\n\t\t\t\t\t\t\t\t\t<h1 style=\"text-align: center;\">Descripci\u00f3n<\/h1>\t\t\t\t\t\t\t\t<\/div>\n\t\t\t\t<\/div>\n\t\t\t\t<div class=\"elementor-element elementor-element-315ab0d9 elementor-widget elementor-widget-image\" data-id=\"315ab0d9\" data-element_type=\"widget\" data-settings=\"{&quot;ekit_we_effect_on&quot;:&quot;none&quot;}\" data-widget_type=\"image.default\">\n\t\t\t\t<div class=\"elementor-widget-container\">\n\t\t\t\t\t\t\t\t\t\t\t\t\t\t\t<img loading=\"lazy\" decoding=\"async\" width=\"1500\" height=\"1500\" src=\"https:\/\/buytrades.shop\/wp-content\/uploads\/2026\/03\/S4b47195628854a3494fb09ca5af8ab131.webp\" class=\"attachment-full size-full wp-image-14085 wvs-archive-product-image\" alt=\"\" srcset=\"https:\/\/buytrades.shop\/wp-content\/uploads\/2026\/03\/S4b47195628854a3494fb09ca5af8ab131.webp 1500w, https:\/\/buytrades.shop\/wp-content\/uploads\/2026\/03\/S4b47195628854a3494fb09ca5af8ab131-300x300.webp 300w, https:\/\/buytrades.shop\/wp-content\/uploads\/2026\/03\/S4b47195628854a3494fb09ca5af8ab131-1024x1024.webp 1024w, https:\/\/buytrades.shop\/wp-content\/uploads\/2026\/03\/S4b47195628854a3494fb09ca5af8ab131-150x150.webp 150w, https:\/\/buytrades.shop\/wp-content\/uploads\/2026\/03\/S4b47195628854a3494fb09ca5af8ab131-768x768.webp 768w, https:\/\/buytrades.shop\/wp-content\/uploads\/2026\/03\/S4b47195628854a3494fb09ca5af8ab131-12x12.webp 12w, https:\/\/buytrades.shop\/wp-content\/uploads\/2026\/03\/S4b47195628854a3494fb09ca5af8ab131-600x600.webp 600w, https:\/\/buytrades.shop\/wp-content\/uploads\/2026\/03\/S4b47195628854a3494fb09ca5af8ab131-100x100.webp 100w, https:\/\/buytrades.shop\/wp-content\/uploads\/2026\/03\/S4b47195628854a3494fb09ca5af8ab131-50x50.webp 50w, https:\/\/buytrades.shop\/wp-content\/uploads\/2026\/03\/S4b47195628854a3494fb09ca5af8ab131-1x1.webp 1w, https:\/\/buytrades.shop\/wp-content\/uploads\/2026\/03\/S4b47195628854a3494fb09ca5af8ab131-10x10.webp 10w\" sizes=\"auto, (max-width: 1500px) 100vw, 1500px\" \/>\t\t\t\t\t\t\t\t\t\t\t\t\t\t\t<\/div>\n\t\t\t\t<\/div>\n\t\t\t\t<div class=\"elementor-element elementor-element-61349ba2 elementor-widget elementor-widget-image\" data-id=\"61349ba2\" data-element_type=\"widget\" data-settings=\"{&quot;ekit_we_effect_on&quot;:&quot;none&quot;}\" data-widget_type=\"image.default\">\n\t\t\t\t<div class=\"elementor-widget-container\">\n\t\t\t\t\t\t\t\t\t\t\t\t\t\t\t<img loading=\"lazy\" decoding=\"async\" width=\"1500\" height=\"1500\" src=\"https:\/\/buytrades.shop\/wp-content\/uploads\/2026\/03\/Sa248db2c13994dd78161f4df9d74a9b9B.webp\" class=\"attachment-full size-full wp-image-14086 wvs-archive-product-image\" alt=\"\" srcset=\"https:\/\/buytrades.shop\/wp-content\/uploads\/2026\/03\/Sa248db2c13994dd78161f4df9d74a9b9B.webp 1500w, https:\/\/buytrades.shop\/wp-content\/uploads\/2026\/03\/Sa248db2c13994dd78161f4df9d74a9b9B-300x300.webp 300w, https:\/\/buytrades.shop\/wp-content\/uploads\/2026\/03\/Sa248db2c13994dd78161f4df9d74a9b9B-1024x1024.webp 1024w, https:\/\/buytrades.shop\/wp-content\/uploads\/2026\/03\/Sa248db2c13994dd78161f4df9d74a9b9B-150x150.webp 150w, https:\/\/buytrades.shop\/wp-content\/uploads\/2026\/03\/Sa248db2c13994dd78161f4df9d74a9b9B-768x768.webp 768w, https:\/\/buytrades.shop\/wp-content\/uploads\/2026\/03\/Sa248db2c13994dd78161f4df9d74a9b9B-12x12.webp 12w, https:\/\/buytrades.shop\/wp-content\/uploads\/2026\/03\/Sa248db2c13994dd78161f4df9d74a9b9B-600x600.webp 600w, https:\/\/buytrades.shop\/wp-content\/uploads\/2026\/03\/Sa248db2c13994dd78161f4df9d74a9b9B-100x100.webp 100w, https:\/\/buytrades.shop\/wp-content\/uploads\/2026\/03\/Sa248db2c13994dd78161f4df9d74a9b9B-50x50.webp 50w, https:\/\/buytrades.shop\/wp-content\/uploads\/2026\/03\/Sa248db2c13994dd78161f4df9d74a9b9B-1x1.webp 1w, https:\/\/buytrades.shop\/wp-content\/uploads\/2026\/03\/Sa248db2c13994dd78161f4df9d74a9b9B-10x10.webp 10w\" sizes=\"auto, (max-width: 1500px) 100vw, 1500px\" \/>\t\t\t\t\t\t\t\t\t\t\t\t\t\t\t<\/div>\n\t\t\t\t<\/div>\n\t\t\t\t<div class=\"elementor-element elementor-element-5a82c51b elementor-widget elementor-widget-image\" data-id=\"5a82c51b\" data-element_type=\"widget\" data-settings=\"{&quot;ekit_we_effect_on&quot;:&quot;none&quot;}\" data-widget_type=\"image.default\">\n\t\t\t\t<div class=\"elementor-widget-container\">\n\t\t\t\t\t\t\t\t\t\t\t\t\t\t\t<img loading=\"lazy\" decoding=\"async\" width=\"1500\" height=\"1500\" src=\"https:\/\/buytrades.shop\/wp-content\/uploads\/2026\/03\/S63a444235ad84c658a0dea0d020ddec67.webp\" class=\"attachment-full size-full wp-image-14087 wvs-archive-product-image\" alt=\"\" srcset=\"https:\/\/buytrades.shop\/wp-content\/uploads\/2026\/03\/S63a444235ad84c658a0dea0d020ddec67.webp 1500w, https:\/\/buytrades.shop\/wp-content\/uploads\/2026\/03\/S63a444235ad84c658a0dea0d020ddec67-300x300.webp 300w, https:\/\/buytrades.shop\/wp-content\/uploads\/2026\/03\/S63a444235ad84c658a0dea0d020ddec67-1024x1024.webp 1024w, https:\/\/buytrades.shop\/wp-content\/uploads\/2026\/03\/S63a444235ad84c658a0dea0d020ddec67-150x150.webp 150w, https:\/\/buytrades.shop\/wp-content\/uploads\/2026\/03\/S63a444235ad84c658a0dea0d020ddec67-768x768.webp 768w, https:\/\/buytrades.shop\/wp-content\/uploads\/2026\/03\/S63a444235ad84c658a0dea0d020ddec67-12x12.webp 12w, https:\/\/buytrades.shop\/wp-content\/uploads\/2026\/03\/S63a444235ad84c658a0dea0d020ddec67-600x600.webp 600w, https:\/\/buytrades.shop\/wp-content\/uploads\/2026\/03\/S63a444235ad84c658a0dea0d020ddec67-100x100.webp 100w, https:\/\/buytrades.shop\/wp-content\/uploads\/2026\/03\/S63a444235ad84c658a0dea0d020ddec67-50x50.webp 50w, https:\/\/buytrades.shop\/wp-content\/uploads\/2026\/03\/S63a444235ad84c658a0dea0d020ddec67-1x1.webp 1w, https:\/\/buytrades.shop\/wp-content\/uploads\/2026\/03\/S63a444235ad84c658a0dea0d020ddec67-10x10.webp 10w\" sizes=\"auto, (max-width: 1500px) 100vw, 1500px\" \/>\t\t\t\t\t\t\t\t\t\t\t\t\t\t\t<\/div>\n\t\t\t\t<\/div>\n\t\t\t\t<div class=\"elementor-element elementor-element-2dc62baa elementor-widget elementor-widget-image\" data-id=\"2dc62baa\" data-element_type=\"widget\" data-settings=\"{&quot;ekit_we_effect_on&quot;:&quot;none&quot;}\" data-widget_type=\"image.default\">\n\t\t\t\t<div class=\"elementor-widget-container\">\n\t\t\t\t\t\t\t\t\t\t\t\t\t\t\t<img loading=\"lazy\" decoding=\"async\" width=\"1500\" height=\"1500\" src=\"https:\/\/buytrades.shop\/wp-content\/uploads\/2026\/03\/S0035a0e92de24833900c92e17e93e2das.webp\" class=\"attachment-full size-full wp-image-14088 wvs-archive-product-image\" alt=\"\" srcset=\"https:\/\/buytrades.shop\/wp-content\/uploads\/2026\/03\/S0035a0e92de24833900c92e17e93e2das.webp 1500w, https:\/\/buytrades.shop\/wp-content\/uploads\/2026\/03\/S0035a0e92de24833900c92e17e93e2das-300x300.webp 300w, https:\/\/buytrades.shop\/wp-content\/uploads\/2026\/03\/S0035a0e92de24833900c92e17e93e2das-1024x1024.webp 1024w, https:\/\/buytrades.shop\/wp-content\/uploads\/2026\/03\/S0035a0e92de24833900c92e17e93e2das-150x150.webp 150w, https:\/\/buytrades.shop\/wp-content\/uploads\/2026\/03\/S0035a0e92de24833900c92e17e93e2das-768x768.webp 768w, https:\/\/buytrades.shop\/wp-content\/uploads\/2026\/03\/S0035a0e92de24833900c92e17e93e2das-12x12.webp 12w, https:\/\/buytrades.shop\/wp-content\/uploads\/2026\/03\/S0035a0e92de24833900c92e17e93e2das-600x600.webp 600w, https:\/\/buytrades.shop\/wp-content\/uploads\/2026\/03\/S0035a0e92de24833900c92e17e93e2das-100x100.webp 100w, https:\/\/buytrades.shop\/wp-content\/uploads\/2026\/03\/S0035a0e92de24833900c92e17e93e2das-50x50.webp 50w, https:\/\/buytrades.shop\/wp-content\/uploads\/2026\/03\/S0035a0e92de24833900c92e17e93e2das-1x1.webp 1w, https:\/\/buytrades.shop\/wp-content\/uploads\/2026\/03\/S0035a0e92de24833900c92e17e93e2das-10x10.webp 10w\" sizes=\"auto, (max-width: 1500px) 100vw, 1500px\" \/>\t\t\t\t\t\t\t\t\t\t\t\t\t\t\t<\/div>\n\t\t\t\t<\/div>\n\t\t\t\t<div class=\"elementor-element elementor-element-10994184 elementor-widget elementor-widget-image\" data-id=\"10994184\" data-element_type=\"widget\" data-settings=\"{&quot;ekit_we_effect_on&quot;:&quot;none&quot;}\" data-widget_type=\"image.default\">\n\t\t\t\t<div class=\"elementor-widget-container\">\n\t\t\t\t\t\t\t\t\t\t\t\t\t\t\t<img loading=\"lazy\" decoding=\"async\" width=\"1500\" height=\"1500\" src=\"https:\/\/buytrades.shop\/wp-content\/uploads\/2026\/03\/Saf58d96c5fe4495abe63f0fb8fc4491dU.webp\" class=\"attachment-full size-full wp-image-14089 wvs-archive-product-image\" alt=\"\" srcset=\"https:\/\/buytrades.shop\/wp-content\/uploads\/2026\/03\/Saf58d96c5fe4495abe63f0fb8fc4491dU.webp 1500w, https:\/\/buytrades.shop\/wp-content\/uploads\/2026\/03\/Saf58d96c5fe4495abe63f0fb8fc4491dU-300x300.webp 300w, https:\/\/buytrades.shop\/wp-content\/uploads\/2026\/03\/Saf58d96c5fe4495abe63f0fb8fc4491dU-1024x1024.webp 1024w, https:\/\/buytrades.shop\/wp-content\/uploads\/2026\/03\/Saf58d96c5fe4495abe63f0fb8fc4491dU-150x150.webp 150w, https:\/\/buytrades.shop\/wp-content\/uploads\/2026\/03\/Saf58d96c5fe4495abe63f0fb8fc4491dU-768x768.webp 768w, https:\/\/buytrades.shop\/wp-content\/uploads\/2026\/03\/Saf58d96c5fe4495abe63f0fb8fc4491dU-12x12.webp 12w, https:\/\/buytrades.shop\/wp-content\/uploads\/2026\/03\/Saf58d96c5fe4495abe63f0fb8fc4491dU-600x600.webp 600w, https:\/\/buytrades.shop\/wp-content\/uploads\/2026\/03\/Saf58d96c5fe4495abe63f0fb8fc4491dU-100x100.webp 100w, https:\/\/buytrades.shop\/wp-content\/uploads\/2026\/03\/Saf58d96c5fe4495abe63f0fb8fc4491dU-50x50.webp 50w, https:\/\/buytrades.shop\/wp-content\/uploads\/2026\/03\/Saf58d96c5fe4495abe63f0fb8fc4491dU-1x1.webp 1w, https:\/\/buytrades.shop\/wp-content\/uploads\/2026\/03\/Saf58d96c5fe4495abe63f0fb8fc4491dU-10x10.webp 10w\" sizes=\"auto, (max-width: 1500px) 100vw, 1500px\" \/>\t\t\t\t\t\t\t\t\t\t\t\t\t\t\t<\/div>\n\t\t\t\t<\/div>\n\t\t\t\t<div class=\"elementor-element elementor-element-652f4852 elementor-widget elementor-widget-image\" data-id=\"652f4852\" data-element_type=\"widget\" data-settings=\"{&quot;ekit_we_effect_on&quot;:&quot;none&quot;}\" data-widget_type=\"image.default\">\n\t\t\t\t<div class=\"elementor-widget-container\">\n\t\t\t\t\t\t\t\t\t\t\t\t\t\t\t<img loading=\"lazy\" decoding=\"async\" width=\"1500\" height=\"1500\" src=\"https:\/\/buytrades.shop\/wp-content\/uploads\/2026\/03\/Sb258897e99c04e72923dceef6acfd0ef5.webp\" class=\"attachment-full size-full wp-image-14090 wvs-archive-product-image\" alt=\"\" srcset=\"https:\/\/buytrades.shop\/wp-content\/uploads\/2026\/03\/Sb258897e99c04e72923dceef6acfd0ef5.webp 1500w, https:\/\/buytrades.shop\/wp-content\/uploads\/2026\/03\/Sb258897e99c04e72923dceef6acfd0ef5-300x300.webp 300w, https:\/\/buytrades.shop\/wp-content\/uploads\/2026\/03\/Sb258897e99c04e72923dceef6acfd0ef5-1024x1024.webp 1024w, https:\/\/buytrades.shop\/wp-content\/uploads\/2026\/03\/Sb258897e99c04e72923dceef6acfd0ef5-150x150.webp 150w, https:\/\/buytrades.shop\/wp-content\/uploads\/2026\/03\/Sb258897e99c04e72923dceef6acfd0ef5-768x768.webp 768w, https:\/\/buytrades.shop\/wp-content\/uploads\/2026\/03\/Sb258897e99c04e72923dceef6acfd0ef5-12x12.webp 12w, https:\/\/buytrades.shop\/wp-content\/uploads\/2026\/03\/Sb258897e99c04e72923dceef6acfd0ef5-600x600.webp 600w, https:\/\/buytrades.shop\/wp-content\/uploads\/2026\/03\/Sb258897e99c04e72923dceef6acfd0ef5-100x100.webp 100w, https:\/\/buytrades.shop\/wp-content\/uploads\/2026\/03\/Sb258897e99c04e72923dceef6acfd0ef5-50x50.webp 50w, https:\/\/buytrades.shop\/wp-content\/uploads\/2026\/03\/Sb258897e99c04e72923dceef6acfd0ef5-1x1.webp 1w, https:\/\/buytrades.shop\/wp-content\/uploads\/2026\/03\/Sb258897e99c04e72923dceef6acfd0ef5-10x10.webp 10w\" sizes=\"auto, (max-width: 1500px) 100vw, 1500px\" \/>\t\t\t\t\t\t\t\t\t\t\t\t\t\t\t<\/div>\n\t\t\t\t<\/div>\n\t\t\t\t<div class=\"elementor-element elementor-element-31819e70 elementor-widget elementor-widget-image\" data-id=\"31819e70\" data-element_type=\"widget\" data-settings=\"{&quot;ekit_we_effect_on&quot;:&quot;none&quot;}\" data-widget_type=\"image.default\">\n\t\t\t\t<div class=\"elementor-widget-container\">\n\t\t\t\t\t\t\t\t\t\t\t\t\t\t\t<img loading=\"lazy\" decoding=\"async\" width=\"1500\" height=\"1500\" src=\"https:\/\/buytrades.shop\/wp-content\/uploads\/2026\/03\/S6fb3e8d988f84900a97e38ae78305151w.webp\" class=\"attachment-full size-full wp-image-14091 wvs-archive-product-image\" alt=\"\" srcset=\"https:\/\/buytrades.shop\/wp-content\/uploads\/2026\/03\/S6fb3e8d988f84900a97e38ae78305151w.webp 1500w, https:\/\/buytrades.shop\/wp-content\/uploads\/2026\/03\/S6fb3e8d988f84900a97e38ae78305151w-300x300.webp 300w, https:\/\/buytrades.shop\/wp-content\/uploads\/2026\/03\/S6fb3e8d988f84900a97e38ae78305151w-1024x1024.webp 1024w, https:\/\/buytrades.shop\/wp-content\/uploads\/2026\/03\/S6fb3e8d988f84900a97e38ae78305151w-150x150.webp 150w, https:\/\/buytrades.shop\/wp-content\/uploads\/2026\/03\/S6fb3e8d988f84900a97e38ae78305151w-768x768.webp 768w, https:\/\/buytrades.shop\/wp-content\/uploads\/2026\/03\/S6fb3e8d988f84900a97e38ae78305151w-12x12.webp 12w, https:\/\/buytrades.shop\/wp-content\/uploads\/2026\/03\/S6fb3e8d988f84900a97e38ae78305151w-600x600.webp 600w, https:\/\/buytrades.shop\/wp-content\/uploads\/2026\/03\/S6fb3e8d988f84900a97e38ae78305151w-100x100.webp 100w, https:\/\/buytrades.shop\/wp-content\/uploads\/2026\/03\/S6fb3e8d988f84900a97e38ae78305151w-50x50.webp 50w, https:\/\/buytrades.shop\/wp-content\/uploads\/2026\/03\/S6fb3e8d988f84900a97e38ae78305151w-1x1.webp 1w, https:\/\/buytrades.shop\/wp-content\/uploads\/2026\/03\/S6fb3e8d988f84900a97e38ae78305151w-10x10.webp 10w\" sizes=\"auto, (max-width: 1500px) 100vw, 1500px\" \/>\t\t\t\t\t\t\t\t\t\t\t\t\t\t\t<\/div>\n\t\t\t\t<\/div>\n\t\t\t\t<div class=\"elementor-element elementor-element-30d888a0 elementor-widget elementor-widget-image\" data-id=\"30d888a0\" data-element_type=\"widget\" data-settings=\"{&quot;ekit_we_effect_on&quot;:&quot;none&quot;}\" data-widget_type=\"image.default\">\n\t\t\t\t<div class=\"elementor-widget-container\">\n\t\t\t\t\t\t\t\t\t\t\t\t\t\t\t<img loading=\"lazy\" decoding=\"async\" width=\"1500\" height=\"1500\" src=\"https:\/\/buytrades.shop\/wp-content\/uploads\/2026\/03\/Sc6ce4a54a39748cdb202f2fd52697e1fj.webp\" class=\"attachment-full size-full wp-image-14092 wvs-archive-product-image\" alt=\"\" srcset=\"https:\/\/buytrades.shop\/wp-content\/uploads\/2026\/03\/Sc6ce4a54a39748cdb202f2fd52697e1fj.webp 1500w, https:\/\/buytrades.shop\/wp-content\/uploads\/2026\/03\/Sc6ce4a54a39748cdb202f2fd52697e1fj-300x300.webp 300w, https:\/\/buytrades.shop\/wp-content\/uploads\/2026\/03\/Sc6ce4a54a39748cdb202f2fd52697e1fj-1024x1024.webp 1024w, https:\/\/buytrades.shop\/wp-content\/uploads\/2026\/03\/Sc6ce4a54a39748cdb202f2fd52697e1fj-150x150.webp 150w, https:\/\/buytrades.shop\/wp-content\/uploads\/2026\/03\/Sc6ce4a54a39748cdb202f2fd52697e1fj-768x768.webp 768w, https:\/\/buytrades.shop\/wp-content\/uploads\/2026\/03\/Sc6ce4a54a39748cdb202f2fd52697e1fj-12x12.webp 12w, https:\/\/buytrades.shop\/wp-content\/uploads\/2026\/03\/Sc6ce4a54a39748cdb202f2fd52697e1fj-600x600.webp 600w, https:\/\/buytrades.shop\/wp-content\/uploads\/2026\/03\/Sc6ce4a54a39748cdb202f2fd52697e1fj-100x100.webp 100w, https:\/\/buytrades.shop\/wp-content\/uploads\/2026\/03\/Sc6ce4a54a39748cdb202f2fd52697e1fj-50x50.webp 50w, https:\/\/buytrades.shop\/wp-content\/uploads\/2026\/03\/Sc6ce4a54a39748cdb202f2fd52697e1fj-1x1.webp 1w, https:\/\/buytrades.shop\/wp-content\/uploads\/2026\/03\/Sc6ce4a54a39748cdb202f2fd52697e1fj-10x10.webp 10w\" sizes=\"auto, (max-width: 1500px) 100vw, 1500px\" \/>\t\t\t\t\t\t\t\t\t\t\t\t\t\t\t<\/div>\n\t\t\t\t<\/div>\n\t\t\t\t<div class=\"elementor-element elementor-element-2b1b2045 elementor-widget elementor-widget-image\" data-id=\"2b1b2045\" data-element_type=\"widget\" data-settings=\"{&quot;ekit_we_effect_on&quot;:&quot;none&quot;}\" data-widget_type=\"image.default\">\n\t\t\t\t<div class=\"elementor-widget-container\">\n\t\t\t\t\t\t\t\t\t\t\t\t\t\t\t<img loading=\"lazy\" decoding=\"async\" width=\"1500\" height=\"1500\" src=\"https:\/\/buytrades.shop\/wp-content\/uploads\/2026\/03\/S376c8f95db614775b0332534eb5e296eI.webp\" class=\"attachment-full size-full wp-image-14093 wvs-archive-product-image\" alt=\"\" srcset=\"https:\/\/buytrades.shop\/wp-content\/uploads\/2026\/03\/S376c8f95db614775b0332534eb5e296eI.webp 1500w, https:\/\/buytrades.shop\/wp-content\/uploads\/2026\/03\/S376c8f95db614775b0332534eb5e296eI-300x300.webp 300w, https:\/\/buytrades.shop\/wp-content\/uploads\/2026\/03\/S376c8f95db614775b0332534eb5e296eI-1024x1024.webp 1024w, https:\/\/buytrades.shop\/wp-content\/uploads\/2026\/03\/S376c8f95db614775b0332534eb5e296eI-150x150.webp 150w, https:\/\/buytrades.shop\/wp-content\/uploads\/2026\/03\/S376c8f95db614775b0332534eb5e296eI-768x768.webp 768w, https:\/\/buytrades.shop\/wp-content\/uploads\/2026\/03\/S376c8f95db614775b0332534eb5e296eI-12x12.webp 12w, https:\/\/buytrades.shop\/wp-content\/uploads\/2026\/03\/S376c8f95db614775b0332534eb5e296eI-600x600.webp 600w, https:\/\/buytrades.shop\/wp-content\/uploads\/2026\/03\/S376c8f95db614775b0332534eb5e296eI-100x100.webp 100w, https:\/\/buytrades.shop\/wp-content\/uploads\/2026\/03\/S376c8f95db614775b0332534eb5e296eI-50x50.webp 50w, https:\/\/buytrades.shop\/wp-content\/uploads\/2026\/03\/S376c8f95db614775b0332534eb5e296eI-1x1.webp 1w, https:\/\/buytrades.shop\/wp-content\/uploads\/2026\/03\/S376c8f95db614775b0332534eb5e296eI-10x10.webp 10w\" sizes=\"auto, (max-width: 1500px) 100vw, 1500px\" \/>\t\t\t\t\t\t\t\t\t\t\t\t\t\t\t<\/div>\n\t\t\t\t<\/div>\n\t\t\t\t<div class=\"elementor-element elementor-element-6ad5bdcd elementor-widget elementor-widget-image\" data-id=\"6ad5bdcd\" data-element_type=\"widget\" data-settings=\"{&quot;ekit_we_effect_on&quot;:&quot;none&quot;}\" data-widget_type=\"image.default\">\n\t\t\t\t<div class=\"elementor-widget-container\">\n\t\t\t\t\t\t\t\t\t\t\t\t\t\t\t<img loading=\"lazy\" decoding=\"async\" width=\"1500\" height=\"1500\" src=\"https:\/\/buytrades.shop\/wp-content\/uploads\/2026\/03\/Sa8fbd093362f41d3a9dd3efbe02a41cdk.webp\" class=\"attachment-full size-full wp-image-14094 wvs-archive-product-image\" alt=\"\" srcset=\"https:\/\/buytrades.shop\/wp-content\/uploads\/2026\/03\/Sa8fbd093362f41d3a9dd3efbe02a41cdk.webp 1500w, https:\/\/buytrades.shop\/wp-content\/uploads\/2026\/03\/Sa8fbd093362f41d3a9dd3efbe02a41cdk-300x300.webp 300w, https:\/\/buytrades.shop\/wp-content\/uploads\/2026\/03\/Sa8fbd093362f41d3a9dd3efbe02a41cdk-1024x1024.webp 1024w, https:\/\/buytrades.shop\/wp-content\/uploads\/2026\/03\/Sa8fbd093362f41d3a9dd3efbe02a41cdk-150x150.webp 150w, https:\/\/buytrades.shop\/wp-content\/uploads\/2026\/03\/Sa8fbd093362f41d3a9dd3efbe02a41cdk-768x768.webp 768w, https:\/\/buytrades.shop\/wp-content\/uploads\/2026\/03\/Sa8fbd093362f41d3a9dd3efbe02a41cdk-12x12.webp 12w, https:\/\/buytrades.shop\/wp-content\/uploads\/2026\/03\/Sa8fbd093362f41d3a9dd3efbe02a41cdk-600x600.webp 600w, https:\/\/buytrades.shop\/wp-content\/uploads\/2026\/03\/Sa8fbd093362f41d3a9dd3efbe02a41cdk-100x100.webp 100w, https:\/\/buytrades.shop\/wp-content\/uploads\/2026\/03\/Sa8fbd093362f41d3a9dd3efbe02a41cdk-50x50.webp 50w, https:\/\/buytrades.shop\/wp-content\/uploads\/2026\/03\/Sa8fbd093362f41d3a9dd3efbe02a41cdk-1x1.webp 1w, https:\/\/buytrades.shop\/wp-content\/uploads\/2026\/03\/Sa8fbd093362f41d3a9dd3efbe02a41cdk-10x10.webp 10w\" sizes=\"auto, (max-width: 1500px) 100vw, 1500px\" \/>\t\t\t\t\t\t\t\t\t\t\t\t\t\t\t<\/div>\n\t\t\t\t<\/div>\n\t\t\t\t<div class=\"elementor-element elementor-element-3187d50c elementor-widget elementor-widget-image\" data-id=\"3187d50c\" data-element_type=\"widget\" data-settings=\"{&quot;ekit_we_effect_on&quot;:&quot;none&quot;}\" data-widget_type=\"image.default\">\n\t\t\t\t<div class=\"elementor-widget-container\">\n\t\t\t\t\t\t\t\t\t\t\t\t\t\t\t<img loading=\"lazy\" decoding=\"async\" width=\"1500\" height=\"1500\" src=\"https:\/\/buytrades.shop\/wp-content\/uploads\/2026\/03\/Sa1a80b5f8513425cb373c3ada63dda940.webp\" class=\"attachment-full size-full wp-image-14095 wvs-archive-product-image\" alt=\"\" srcset=\"https:\/\/buytrades.shop\/wp-content\/uploads\/2026\/03\/Sa1a80b5f8513425cb373c3ada63dda940.webp 1500w, https:\/\/buytrades.shop\/wp-content\/uploads\/2026\/03\/Sa1a80b5f8513425cb373c3ada63dda940-300x300.webp 300w, https:\/\/buytrades.shop\/wp-content\/uploads\/2026\/03\/Sa1a80b5f8513425cb373c3ada63dda940-1024x1024.webp 1024w, https:\/\/buytrades.shop\/wp-content\/uploads\/2026\/03\/Sa1a80b5f8513425cb373c3ada63dda940-150x150.webp 150w, https:\/\/buytrades.shop\/wp-content\/uploads\/2026\/03\/Sa1a80b5f8513425cb373c3ada63dda940-768x768.webp 768w, https:\/\/buytrades.shop\/wp-content\/uploads\/2026\/03\/Sa1a80b5f8513425cb373c3ada63dda940-12x12.webp 12w, https:\/\/buytrades.shop\/wp-content\/uploads\/2026\/03\/Sa1a80b5f8513425cb373c3ada63dda940-600x600.webp 600w, https:\/\/buytrades.shop\/wp-content\/uploads\/2026\/03\/Sa1a80b5f8513425cb373c3ada63dda940-100x100.webp 100w, https:\/\/buytrades.shop\/wp-content\/uploads\/2026\/03\/Sa1a80b5f8513425cb373c3ada63dda940-50x50.webp 50w, https:\/\/buytrades.shop\/wp-content\/uploads\/2026\/03\/Sa1a80b5f8513425cb373c3ada63dda940-1x1.webp 1w, https:\/\/buytrades.shop\/wp-content\/uploads\/2026\/03\/Sa1a80b5f8513425cb373c3ada63dda940-10x10.webp 10w\" sizes=\"auto, (max-width: 1500px) 100vw, 1500px\" \/>\t\t\t\t\t\t\t\t\t\t\t\t\t\t\t<\/div>\n\t\t\t\t<\/div>\n\t\t\t\t<div class=\"elementor-element elementor-element-48e80fbc elementor-widget elementor-widget-text-editor\" data-id=\"48e80fbc\" data-element_type=\"widget\" data-settings=\"{&quot;ekit_we_effect_on&quot;:&quot;none&quot;}\" data-widget_type=\"text-editor.default\">\n\t\t\t\t<div class=\"elementor-widget-container\">\n\t\t\t\t\t\t\t\t\t<!DOCTYPE html>\n<html>\n<head>\n    <style>\n        .spec-table {\n            width: 100%;\n            border-collapse: collapse;\n            font-family: Arial, sans-serif;\n        }\n        .spec-table tr {\n            border-bottom: 1px solid #000;\n        }\n        .spec-table td {\n            padding: 12px 0;\n            text-align: left;\n        }\n        .spec-table td:first-child {\n            font-weight: bold;\n            width: 50%;\n        }\n        .none-value {\n            color: #666;\n            font-style: italic;\n        }\n        .material-tag {\n            background-color: #f0f0f0;\n            border: 1px solid #999;\n            border-radius: 4px;\n            padding: 6px 12px;\n            display: inline-block;\n        }\n        .type-tag {\n            background-color: #e6f7ff;\n            border: 1px solid #1890ff;\n            border-radius: 4px;\n            padding: 6px 12px;\n            display: inline-block;\n            font-weight: bold;\n            color: #0050b3;\n        }\n    <\/style>\n<\/head>\n<body>\n    <table class=\"spec-table\">\n        <tr>\n            <td>Especificaciones<\/td>\n            <td><\/td>\n        <\/tr>\n        <tr>\n            <td>Sustancias qu\u00edmicas muy preocupantes<\/td>\n            <td class=\"none-value\">Ninguno<\/td>\n        <\/tr>\n        <tr>\n            <td>Caracter\u00edsticas<\/td>\n            <td class=\"none-value\">Sin funciones<\/td>\n        <\/tr>\n        <tr>\n            <td>Material principal<\/td>\n            <td><span class=\"material-tag\">Silicona<\/span><\/td>\n        <\/tr>\n        <tr>\n            <td>Tipo<\/td>\n            <td><span class=\"type-tag\">Caso<\/span><\/td>\n        <\/tr>\n    <\/table>\n<\/body>\n<\/html>\t\t\t\t\t\t\t\t<\/div>\n\t\t\t\t<\/div>\n\t\t\t\t\t<\/div>\n\t\t\t\t<\/div>\n\t\t\t\t<\/div>","protected":false},"excerpt":{"rendered":"<p>Descripci\u00f3n Especificaciones Alta preocupaci\u00f3n qu\u00edmica Ninguna Caracter\u00edsticas Sin caracter\u00edsticas Material principal Silicona Tipo Funda<\/p>","protected":false},"featured_media":14075,"comment_status":"open","ping_status":"closed","template":"","meta":{"_acf_changed":false},"etheme_brands":[],"product_brand":[],"product_cat":[127,118],"product_tag":[],"class_list":{"0":"post-14072","1":"product","2":"type-product","3":"status-publish","4":"has-post-thumbnail","6":"product_cat-dao","7":"product_cat-sale-shop","9":"first","10":"instock","11":"sale","12":"shipping-taxable","13":"purchasable","14":"product-type-variable","15":"has-default-attributes","16":"wvs-archive-product-wrapper"},"acf":[],"_links":{"self":[{"href":"https:\/\/buytrades.shop\/es\/wp-json\/wp\/v2\/product\/14072","targetHints":{"allow":["GET"]}}],"collection":[{"href":"https:\/\/buytrades.shop\/es\/wp-json\/wp\/v2\/product"}],"about":[{"href":"https:\/\/buytrades.shop\/es\/wp-json\/wp\/v2\/types\/product"}],"replies":[{"embeddable":true,"href":"https:\/\/buytrades.shop\/es\/wp-json\/wp\/v2\/comments?post=14072"}],"version-history":[{"count":4,"href":"https:\/\/buytrades.shop\/es\/wp-json\/wp\/v2\/product\/14072\/revisions"}],"predecessor-version":[{"id":14103,"href":"https:\/\/buytrades.shop\/es\/wp-json\/wp\/v2\/product\/14072\/revisions\/14103"}],"wp:featuredmedia":[{"embeddable":true,"href":"https:\/\/buytrades.shop\/es\/wp-json\/wp\/v2\/media\/14075"}],"wp:attachment":[{"href":"https:\/\/buytrades.shop\/es\/wp-json\/wp\/v2\/media?parent=14072"}],"wp:term":[{"taxonomy":"brand","embeddable":true,"href":"https:\/\/buytrades.shop\/es\/wp-json\/wp\/v2\/etheme_brands?post=14072"},{"taxonomy":"product_brand","embeddable":true,"href":"https:\/\/buytrades.shop\/es\/wp-json\/wp\/v2\/product_brand?post=14072"},{"taxonomy":"product_cat","embeddable":true,"href":"https:\/\/buytrades.shop\/es\/wp-json\/wp\/v2\/product_cat?post=14072"},{"taxonomy":"product_tag","embeddable":true,"href":"https:\/\/buytrades.shop\/es\/wp-json\/wp\/v2\/product_tag?post=14072"}],"curies":[{"name":"wp","href":"https:\/\/api.w.org\/{rel}","templated":true}]}}