{"id":14165,"date":"2026-04-18T02:42:54","date_gmt":"2026-04-18T02:42:54","guid":{"rendered":"https:\/\/buytrades.shop\/?post_type=product&#038;p=14165"},"modified":"2026-04-18T02:48:45","modified_gmt":"2026-04-18T02:48:45","slug":"maybelline-new-york-pack-x2-superstay-vinyl-ink-color-y-brillo-hasta-16h","status":"publish","type":"product","link":"https:\/\/buytrades.shop\/es\/producto\/maybelline-new-york-pack-x2-superstay-vinyl-ink-color-y-brillo-hasta-16h\/","title":{"rendered":"Maybelline New York | Pack x2 Superstay Vinyl Ink, Color y Brillo Hasta 16H."},"content":{"rendered":"<div data-elementor-type=\"product-post\" data-elementor-id=\"14165\" class=\"elementor elementor-14165\" data-elementor-post-type=\"product\">\n\t\t\t\t<div class=\"elementor-element elementor-element-55354bd3 e-flex e-con-boxed e-con e-parent\" data-id=\"55354bd3\" data-element_type=\"container\" data-settings=\"{&quot;ekit_has_onepagescroll_dot&quot;:&quot;yes&quot;}\">\n\t\t\t\t\t<div class=\"e-con-inner\">\n\t\t\t\t<div class=\"elementor-element elementor-element-4e19dd9a elementor-widget elementor-widget-video\" data-id=\"4e19dd9a\" data-element_type=\"widget\" data-settings=\"{&quot;video_type&quot;:&quot;hosted&quot;,&quot;controls&quot;:&quot;yes&quot;,&quot;ekit_we_effect_on&quot;:&quot;none&quot;}\" data-widget_type=\"video.default\">\n\t\t\t\t<div class=\"elementor-widget-container\">\n\t\t\t\t\t\t\t<div class=\"e-hosted-video elementor-wrapper elementor-open-inline\">\n\t\t\t\t\t<video class=\"elementor-video\" src=\"https:\/\/buytrades.shop\/wp-content\/uploads\/2026\/04\/video_2026-03-28_16-30-37.mp4\" controls=\"\" preload=\"metadata\" controlslist=\"nodownload\"><\/video>\n\t\t\t\t<\/div>\n\t\t\t\t\t\t<\/div>\n\t\t\t\t<\/div>\n\t\t<div class=\"elementor-element elementor-element-23e79829 e-con-full e-flex e-con e-child\" data-id=\"23e79829\" data-element_type=\"container\" data-settings=\"{&quot;ekit_has_onepagescroll_dot&quot;:&quot;yes&quot;}\">\n\t\t\t\t<div class=\"elementor-element elementor-element-7687a41d elementor-widget elementor-widget-image\" data-id=\"7687a41d\" data-element_type=\"widget\" data-settings=\"{&quot;ekit_we_effect_on&quot;:&quot;none&quot;}\" data-widget_type=\"image.default\">\n\t\t\t\t<div class=\"elementor-widget-container\">\n\t\t\t\t\t\t\t\t\t\t\t\t\t\t\t<img loading=\"lazy\" decoding=\"async\" width=\"1464\" height=\"600\" src=\"https:\/\/buytrades.shop\/wp-content\/uploads\/2026\/04\/4d41a4f4-a1b3-40ef-b783-8e4f29f9f7a6.__CR001464600_PT0_SX1464_V1___.jpg\" class=\"attachment-full size-full wp-image-14177 wvs-archive-product-image\" alt=\"\" srcset=\"https:\/\/buytrades.shop\/wp-content\/uploads\/2026\/04\/4d41a4f4-a1b3-40ef-b783-8e4f29f9f7a6.__CR001464600_PT0_SX1464_V1___.jpg 1464w, https:\/\/buytrades.shop\/wp-content\/uploads\/2026\/04\/4d41a4f4-a1b3-40ef-b783-8e4f29f9f7a6.__CR001464600_PT0_SX1464_V1___-300x123.jpg 300w, https:\/\/buytrades.shop\/wp-content\/uploads\/2026\/04\/4d41a4f4-a1b3-40ef-b783-8e4f29f9f7a6.__CR001464600_PT0_SX1464_V1___-1024x420.jpg 1024w, https:\/\/buytrades.shop\/wp-content\/uploads\/2026\/04\/4d41a4f4-a1b3-40ef-b783-8e4f29f9f7a6.__CR001464600_PT0_SX1464_V1___-768x315.jpg 768w, https:\/\/buytrades.shop\/wp-content\/uploads\/2026\/04\/4d41a4f4-a1b3-40ef-b783-8e4f29f9f7a6.__CR001464600_PT0_SX1464_V1___-18x7.jpg 18w, https:\/\/buytrades.shop\/wp-content\/uploads\/2026\/04\/4d41a4f4-a1b3-40ef-b783-8e4f29f9f7a6.__CR001464600_PT0_SX1464_V1___-600x246.jpg 600w, https:\/\/buytrades.shop\/wp-content\/uploads\/2026\/04\/4d41a4f4-a1b3-40ef-b783-8e4f29f9f7a6.__CR001464600_PT0_SX1464_V1___-1x1.jpg 1w, https:\/\/buytrades.shop\/wp-content\/uploads\/2026\/04\/4d41a4f4-a1b3-40ef-b783-8e4f29f9f7a6.__CR001464600_PT0_SX1464_V1___-10x4.jpg 10w\" sizes=\"auto, (max-width: 1464px) 100vw, 1464px\" \/>\t\t\t\t\t\t\t\t\t\t\t\t\t\t\t<\/div>\n\t\t\t\t<\/div>\n\t\t\t\t<div class=\"elementor-element elementor-element-5c5075d4 elementor-widget elementor-widget-heading\" data-id=\"5c5075d4\" data-element_type=\"widget\" data-settings=\"{&quot;ekit_we_effect_on&quot;:&quot;none&quot;}\" data-widget_type=\"heading.default\">\n\t\t\t\t<div class=\"elementor-widget-container\">\n\t\t\t\t\t<h2 class=\"elementor-heading-title elementor-size-default\">Larga duraci\u00f3n de hasta 16 horas<\/h2>\t\t\t\t<\/div>\n\t\t\t\t<\/div>\n\t\t\t\t<div class=\"elementor-element elementor-element-e67e24 elementor-widget elementor-widget-text-editor\" data-id=\"e67e24\" data-element_type=\"widget\" data-settings=\"{&quot;ekit_we_effect_on&quot;:&quot;none&quot;}\" data-widget_type=\"text-editor.default\">\n\t\t\t\t<div class=\"elementor-widget-container\">\n\t\t\t\t\t\t\t\t\t<p>La ic\u00f3nica f\u00f3rmula de Superstay Matte Ink de Maybelline New York ofrece una duraci\u00f3n excepcional de hasta 16 horas sin necesidad de retocar. Ya sea que est\u00e9s en la oficina, en una fiesta o disfrutando de una comida, el color se mantiene intacto desde la ma\u00f1ana hasta la noche. Es la soluci\u00f3n perfecta para quienes buscan un labial que realmente aguante el ritmo del d\u00eda a d\u00eda<\/p>\t\t\t\t\t\t\t\t<\/div>\n\t\t\t\t<\/div>\n\t\t\t\t<div class=\"elementor-element elementor-element-3178234f elementor-widget elementor-widget-image\" data-id=\"3178234f\" data-element_type=\"widget\" data-settings=\"{&quot;ekit_we_effect_on&quot;:&quot;none&quot;}\" data-widget_type=\"image.default\">\n\t\t\t\t<div class=\"elementor-widget-container\">\n\t\t\t\t\t\t\t\t\t\t\t\t\t\t\t<img loading=\"lazy\" decoding=\"async\" width=\"1464\" height=\"600\" src=\"https:\/\/buytrades.shop\/wp-content\/uploads\/2026\/04\/a79b9eba-4305-4184-b5b3-09fa92e94503.__CR001464600_PT0_SX1464_V1___.jpg\" class=\"attachment-full size-full wp-image-14178 wvs-archive-product-image\" alt=\"\" srcset=\"https:\/\/buytrades.shop\/wp-content\/uploads\/2026\/04\/a79b9eba-4305-4184-b5b3-09fa92e94503.__CR001464600_PT0_SX1464_V1___.jpg 1464w, https:\/\/buytrades.shop\/wp-content\/uploads\/2026\/04\/a79b9eba-4305-4184-b5b3-09fa92e94503.__CR001464600_PT0_SX1464_V1___-300x123.jpg 300w, https:\/\/buytrades.shop\/wp-content\/uploads\/2026\/04\/a79b9eba-4305-4184-b5b3-09fa92e94503.__CR001464600_PT0_SX1464_V1___-1024x420.jpg 1024w, https:\/\/buytrades.shop\/wp-content\/uploads\/2026\/04\/a79b9eba-4305-4184-b5b3-09fa92e94503.__CR001464600_PT0_SX1464_V1___-768x315.jpg 768w, https:\/\/buytrades.shop\/wp-content\/uploads\/2026\/04\/a79b9eba-4305-4184-b5b3-09fa92e94503.__CR001464600_PT0_SX1464_V1___-18x7.jpg 18w, https:\/\/buytrades.shop\/wp-content\/uploads\/2026\/04\/a79b9eba-4305-4184-b5b3-09fa92e94503.__CR001464600_PT0_SX1464_V1___-600x246.jpg 600w, https:\/\/buytrades.shop\/wp-content\/uploads\/2026\/04\/a79b9eba-4305-4184-b5b3-09fa92e94503.__CR001464600_PT0_SX1464_V1___-1x1.jpg 1w, https:\/\/buytrades.shop\/wp-content\/uploads\/2026\/04\/a79b9eba-4305-4184-b5b3-09fa92e94503.__CR001464600_PT0_SX1464_V1___-10x4.jpg 10w\" sizes=\"auto, (max-width: 1464px) 100vw, 1464px\" \/>\t\t\t\t\t\t\t\t\t\t\t\t\t\t\t<\/div>\n\t\t\t\t<\/div>\n\t\t\t\t<div class=\"elementor-element elementor-element-5ae3a8b5 elementor-widget elementor-widget-heading\" data-id=\"5ae3a8b5\" data-element_type=\"widget\" data-settings=\"{&quot;ekit_we_effect_on&quot;:&quot;none&quot;}\" data-widget_type=\"heading.default\">\n\t\t\t\t<div class=\"elementor-widget-container\">\n\t\t\t\t\t<h2 class=\"elementor-heading-title elementor-size-default\"> F\u00f3rmula c\u00f3moda y de secado r\u00e1pido <\/h2>\t\t\t\t<\/div>\n\t\t\t\t<\/div>\n\t\t\t\t<div class=\"elementor-element elementor-element-7b9455b elementor-widget elementor-widget-text-editor\" data-id=\"7b9455b\" data-element_type=\"widget\" data-settings=\"{&quot;ekit_we_effect_on&quot;:&quot;none&quot;}\" data-widget_type=\"text-editor.default\">\n\t\t\t\t<div class=\"elementor-widget-container\">\n\t\t\t\t\t\t\t\t\t<p>A pesar de su larga duraci\u00f3n y alta pigmentaci\u00f3n, la f\u00f3rmula es ligera y no reseca los labios. Se desliza suavemente sobre la piel sin arrastrar y se seca r\u00e1pidamente para fijar el color sin sensaci\u00f3n pegajosa. El resultado es un color impecable que se siente c\u00f3modo durante todo el d\u00eda.<\/p>\t\t\t\t\t\t\t\t<\/div>\n\t\t\t\t<\/div>\n\t\t\t\t<div class=\"elementor-element elementor-element-183b8d9e elementor-widget elementor-widget-image\" data-id=\"183b8d9e\" data-element_type=\"widget\" data-settings=\"{&quot;ekit_we_effect_on&quot;:&quot;none&quot;}\" data-widget_type=\"image.default\">\n\t\t\t\t<div class=\"elementor-widget-container\">\n\t\t\t\t\t\t\t\t\t\t\t\t\t\t\t<img loading=\"lazy\" decoding=\"async\" width=\"1464\" height=\"600\" src=\"https:\/\/buytrades.shop\/wp-content\/uploads\/2026\/04\/133ba1d7-c62b-44cd-b5b5-e432c79cfc19.__CR001464600_PT0_SX1464_V1___.jpg\" class=\"attachment-full size-full wp-image-14179 wvs-archive-product-image\" alt=\"\" srcset=\"https:\/\/buytrades.shop\/wp-content\/uploads\/2026\/04\/133ba1d7-c62b-44cd-b5b5-e432c79cfc19.__CR001464600_PT0_SX1464_V1___.jpg 1464w, https:\/\/buytrades.shop\/wp-content\/uploads\/2026\/04\/133ba1d7-c62b-44cd-b5b5-e432c79cfc19.__CR001464600_PT0_SX1464_V1___-300x123.jpg 300w, https:\/\/buytrades.shop\/wp-content\/uploads\/2026\/04\/133ba1d7-c62b-44cd-b5b5-e432c79cfc19.__CR001464600_PT0_SX1464_V1___-1024x420.jpg 1024w, https:\/\/buytrades.shop\/wp-content\/uploads\/2026\/04\/133ba1d7-c62b-44cd-b5b5-e432c79cfc19.__CR001464600_PT0_SX1464_V1___-768x315.jpg 768w, https:\/\/buytrades.shop\/wp-content\/uploads\/2026\/04\/133ba1d7-c62b-44cd-b5b5-e432c79cfc19.__CR001464600_PT0_SX1464_V1___-18x7.jpg 18w, https:\/\/buytrades.shop\/wp-content\/uploads\/2026\/04\/133ba1d7-c62b-44cd-b5b5-e432c79cfc19.__CR001464600_PT0_SX1464_V1___-600x246.jpg 600w, https:\/\/buytrades.shop\/wp-content\/uploads\/2026\/04\/133ba1d7-c62b-44cd-b5b5-e432c79cfc19.__CR001464600_PT0_SX1464_V1___-1x1.jpg 1w, https:\/\/buytrades.shop\/wp-content\/uploads\/2026\/04\/133ba1d7-c62b-44cd-b5b5-e432c79cfc19.__CR001464600_PT0_SX1464_V1___-10x4.jpg 10w\" sizes=\"auto, (max-width: 1464px) 100vw, 1464px\" \/>\t\t\t\t\t\t\t\t\t\t\t\t\t\t\t<\/div>\n\t\t\t\t<\/div>\n\t\t\t\t<div class=\"elementor-element elementor-element-5da0b233 elementor-widget elementor-widget-heading\" data-id=\"5da0b233\" data-element_type=\"widget\" data-settings=\"{&quot;ekit_we_effect_on&quot;:&quot;none&quot;}\" data-widget_type=\"heading.default\">\n\t\t\t\t<div class=\"elementor-widget-container\">\n\t\t\t\t\t<h2 class=\"elementor-heading-title elementor-size-default\">Acabado mate intenso y altamente pigmentado<\/h2>\t\t\t\t<\/div>\n\t\t\t\t<\/div>\n\t\t\t\t<div class=\"elementor-element elementor-element-1f67b8d8 elementor-widget elementor-widget-text-editor\" data-id=\"1f67b8d8\" data-element_type=\"widget\" data-settings=\"{&quot;ekit_we_effect_on&quot;:&quot;none&quot;}\" data-widget_type=\"text-editor.default\">\n\t\t\t\t<div class=\"elementor-widget-container\">\n\t\t\t\t\t\t\t\t\t<p>Este labial l\u00edquido ofrece un acabado mate satinado de alta cobertura que realza tus labios con un color intenso y vibrante desde la primera aplicaci\u00f3n. Su f\u00f3rmula est\u00e1 cargada de pigmentos puros que garantizan un acabado uniforme y sin parches, aportando un look profesional y sofisticado en segundos.<\/p>\t\t\t\t\t\t\t\t<\/div>\n\t\t\t\t<\/div>\n\t\t\t\t<\/div>\n\t\t\t\t\t<\/div>\n\t\t\t\t<\/div>\n\t\t<div class=\"elementor-element elementor-element-43e07e46 e-flex e-con-boxed e-con e-parent\" data-id=\"43e07e46\" data-element_type=\"container\" data-settings=\"{&quot;ekit_has_onepagescroll_dot&quot;:&quot;yes&quot;}\">\n\t\t\t\t\t<div class=\"e-con-inner\">\n\t\t\t\t<div class=\"elementor-element elementor-element-346e9871 elementor-widget elementor-widget-text-editor\" data-id=\"346e9871\" data-element_type=\"widget\" data-settings=\"{&quot;ekit_we_effect_on&quot;:&quot;none&quot;}\" data-widget_type=\"text-editor.default\">\n\t\t\t\t<div class=\"elementor-widget-container\">\n\t\t\t\t\t\t\t\t\t<div class=\"elementor-widget-container\">\n# Top highlights\n<div class=\"product-table\">\n<div class=\"product-row\">\n<div class=\"product-label\">Package Type Name<\/div>\n<div class=\"product-value\">Bottle<\/div>\n<\/div>\n<div class=\"product-row\">\n<div class=\"product-label\">Color<\/div>\n<div class=\"product-value\">115 PEPPY<\/div>\n<\/div>\n<div class=\"product-row\">\n<div class=\"product-label\">Item Form<\/div>\n<div class=\"product-value\">Liquid<\/div>\n<\/div>\n<div class=\"product-row\">\n<div class=\"product-label\">Finish Type<\/div>\n<div class=\"product-value\">Glossy<\/div>\n<\/div>\n<div class=\"product-row\">\n<div class=\"product-label\">Product Benefits<\/div>\n<div class=\"product-value\">Long Lasting,Moisturizing,Highly Pigmented<\/div>\n<\/div>\n<\/div>\n<style>\n.product-table {\nwidth: 100%;\nborder-top: 1px solid #000;\nfont-family: Arial, sans-serif;\n}\n.product-row {\ndisplay: flex;\nborder-bottom: 1px solid #000;\npadding: 12px 0;\n}\n.product-label {\nflex: 1;\nfont-weight: bold;\nmin-width: 200px;\npadding-right: 20px;\n}\n.product-value {\nflex: 1;\nmin-width: 200px;\n}\n<\/style>\t\t\t\t\t\t\t\t<\/div>\n\t\t\t\t<\/div>\n\t\t\t\t\t<\/div>\n\t\t\t\t<\/div>\n\t\t\t\t<\/div>","protected":false},"excerpt":{"rendered":"<h2 class=\"a-size-base-plus a-text-bold\">Acerca de este art\u00edculo<\/h2>\n<div class=\"a-expander-collapsed-height a-row a-expander-container a-expander-partial-collapse-container\" data-a-expander-collapsed-height=\"300\">\n<div class=\"a-expander-content a-expander-partial-collapse-content\" data-expanded=\"false\">\n<ul class=\"a-unordered-list a-vertical a-spacing-mini\">\n<li class=\"a-spacing-mini\"><span class=\"a-list-item\">Glossy Maybelline Superstay Vinyl Ink Liquid Lipstick: This longwear liquid pink lipcolor delivers no-budge vinyl color and up to 16 hour wear, featuring our Color Lock formula that defies smudging and transfer; Simply shake and swipe<\/span><\/li>\n<li class=\"a-spacing-mini\"><span class=\"a-list-item\">Vegan Formula: Swipe this comfortable color on your lips for an instant shine in a vegan formula with no animal derived ingredients. Now available in 20 saturated shades from bold red to nude. Get up to 16H of no-budge wear.<\/span><\/li>\n<\/ul>\n<\/div>\n<\/div>","protected":false},"featured_media":14168,"comment_status":"open","ping_status":"closed","template":"","meta":{"_acf_changed":false},"etheme_brands":[],"product_brand":[],"product_cat":[127,118],"product_tag":[],"class_list":{"0":"post-14165","1":"product","2":"type-product","3":"status-publish","4":"has-post-thumbnail","6":"product_cat-dao","7":"product_cat-sale-shop","9":"first","10":"instock","11":"sale","12":"shipping-taxable","13":"purchasable","14":"product-type-variable","15":"has-default-attributes","16":"wvs-archive-product-wrapper"},"acf":[],"_links":{"self":[{"href":"https:\/\/buytrades.shop\/es\/wp-json\/wp\/v2\/product\/14165","targetHints":{"allow":["GET"]}}],"collection":[{"href":"https:\/\/buytrades.shop\/es\/wp-json\/wp\/v2\/product"}],"about":[{"href":"https:\/\/buytrades.shop\/es\/wp-json\/wp\/v2\/types\/product"}],"replies":[{"embeddable":true,"href":"https:\/\/buytrades.shop\/es\/wp-json\/wp\/v2\/comments?post=14165"}],"version-history":[{"count":4,"href":"https:\/\/buytrades.shop\/es\/wp-json\/wp\/v2\/product\/14165\/revisions"}],"predecessor-version":[{"id":14187,"href":"https:\/\/buytrades.shop\/es\/wp-json\/wp\/v2\/product\/14165\/revisions\/14187"}],"wp:featuredmedia":[{"embeddable":true,"href":"https:\/\/buytrades.shop\/es\/wp-json\/wp\/v2\/media\/14168"}],"wp:attachment":[{"href":"https:\/\/buytrades.shop\/es\/wp-json\/wp\/v2\/media?parent=14165"}],"wp:term":[{"taxonomy":"brand","embeddable":true,"href":"https:\/\/buytrades.shop\/es\/wp-json\/wp\/v2\/etheme_brands?post=14165"},{"taxonomy":"product_brand","embeddable":true,"href":"https:\/\/buytrades.shop\/es\/wp-json\/wp\/v2\/product_brand?post=14165"},{"taxonomy":"product_cat","embeddable":true,"href":"https:\/\/buytrades.shop\/es\/wp-json\/wp\/v2\/product_cat?post=14165"},{"taxonomy":"product_tag","embeddable":true,"href":"https:\/\/buytrades.shop\/es\/wp-json\/wp\/v2\/product_tag?post=14165"}],"curies":[{"name":"wp","href":"https:\/\/api.w.org\/{rel}","templated":true}]}}